{"id":1448,"date":"2022-08-25T13:27:00","date_gmt":"2022-08-25T13:27:00","guid":{"rendered":"https:\/\/groupagrotrade.hu\/index.php\/home\/"},"modified":"2024-09-29T21:40:33","modified_gmt":"2024-09-29T19:40:33","slug":"home","status":"publish","type":"page","link":"https:\/\/groupagrotrade.hu\/","title":{"rendered":"Home"},"content":{"rendered":"\t\t<div data-elementor-type=\"wp-page\" data-elementor-id=\"1448\" class=\"elementor elementor-1448\">\n\t\t\t\t\t\t\t\t\t<section class=\"elementor-section elementor-top-section elementor-element elementor-element-0a002a8 elementor-section-height-min-height elementor-section-items-top elementor-section-boxed elementor-section-height-default\" data-id=\"0a002a8\" data-element_type=\"section\" data-settings=\"{&quot;background_background&quot;:&quot;classic&quot;}\">\n\t\t\t\t\t\t\t<div class=\"elementor-background-overlay\"><\/div>\n\t\t\t\t\t\t\t<div class=\"elementor-container elementor-column-gap-default\">\n\t\t\t\t\t<div class=\"elementor-column elementor-col-100 elementor-top-column elementor-element elementor-element-8d46742\" data-id=\"8d46742\" data-element_type=\"column\">\n\t\t\t<div class=\"elementor-widget-wrap elementor-element-populated\">\n\t\t\t\t\t\t\t\t<div class=\"elementor-element elementor-element-7876f5c elementor-widget elementor-widget-spacer\" data-id=\"7876f5c\" data-element_type=\"widget\" data-widget_type=\"spacer.default\">\n\t\t\t\t<div class=\"elementor-widget-container\">\n\t\t\t<style>\/*! elementor - v3.14.0 - 26-06-2023 *\/\n.elementor-column .elementor-spacer-inner{height:var(--spacer-size)}.e-con{--container-widget-width:100%}.e-con-inner>.elementor-widget-spacer,.e-con>.elementor-widget-spacer{width:var(--container-widget-width,var(--spacer-size));--align-self:var(--container-widget-align-self,initial);--flex-shrink:0}.e-con-inner>.elementor-widget-spacer>.elementor-widget-container,.e-con-inner>.elementor-widget-spacer>.elementor-widget-container>.elementor-spacer,.e-con>.elementor-widget-spacer>.elementor-widget-container,.e-con>.elementor-widget-spacer>.elementor-widget-container>.elementor-spacer{height:100%}.e-con-inner>.elementor-widget-spacer>.elementor-widget-container>.elementor-spacer>.elementor-spacer-inner,.e-con>.elementor-widget-spacer>.elementor-widget-container>.elementor-spacer>.elementor-spacer-inner{height:var(--container-widget-height,var(--spacer-size))}<\/style>\t\t<div class=\"elementor-spacer\">\n\t\t\t<div class=\"elementor-spacer-inner\"><\/div>\n\t\t<\/div>\n\t\t\t\t<\/div>\n\t\t\t\t<\/div>\n\t\t\t\t\t<\/div>\n\t\t<\/div>\n\t\t\t\t\t\t\t<\/div>\n\t\t<\/section>\n\t\t\t\t<section class=\"elementor-section elementor-top-section elementor-element elementor-element-6e2f681 elementor-section-boxed elementor-section-height-default elementor-section-height-default\" data-id=\"6e2f681\" data-element_type=\"section\">\n\t\t\t\t\t\t<div class=\"elementor-container elementor-column-gap-wide\">\n\t\t\t\t\t<div class=\"elementor-column elementor-col-50 elementor-top-column elementor-element elementor-element-e8c6ac4\" data-id=\"e8c6ac4\" data-element_type=\"column\">\n\t\t\t<div class=\"elementor-widget-wrap elementor-element-populated\">\n\t\t\t\t\t\t\t\t<div class=\"elementor-element elementor-element-dfec25a elementor-widget elementor-widget-heading\" data-id=\"dfec25a\" data-element_type=\"widget\" data-widget_type=\"heading.default\">\n\t\t\t\t<div class=\"elementor-widget-container\">\n\t\t\t<style>\/*! elementor - v3.14.0 - 26-06-2023 *\/\n.elementor-heading-title{padding:0;margin:0;line-height:1}.elementor-widget-heading .elementor-heading-title[class*=elementor-size-]>a{color:inherit;font-size:inherit;line-height:inherit}.elementor-widget-heading .elementor-heading-title.elementor-size-small{font-size:15px}.elementor-widget-heading .elementor-heading-title.elementor-size-medium{font-size:19px}.elementor-widget-heading .elementor-heading-title.elementor-size-large{font-size:29px}.elementor-widget-heading .elementor-heading-title.elementor-size-xl{font-size:39px}.elementor-widget-heading .elementor-heading-title.elementor-size-xxl{font-size:59px}<\/style><h2 class=\"elementor-heading-title elementor-size-default\">V\u00e1llalkoz\u00e1sunkr\u00f3l<\/h2>\t\t<\/div>\n\t\t\t\t<\/div>\n\t\t\t\t<div class=\"elementor-element elementor-element-b9d0bf1 elementor-widget elementor-widget-text-editor\" data-id=\"b9d0bf1\" data-element_type=\"widget\" data-widget_type=\"text-editor.default\">\n\t\t\t\t<div class=\"elementor-widget-container\">\n\t\t\t<style>\/*! elementor - v3.14.0 - 26-06-2023 *\/\n.elementor-widget-text-editor.elementor-drop-cap-view-stacked .elementor-drop-cap{background-color:#69727d;color:#fff}.elementor-widget-text-editor.elementor-drop-cap-view-framed .elementor-drop-cap{color:#69727d;border:3px solid;background-color:transparent}.elementor-widget-text-editor:not(.elementor-drop-cap-view-default) .elementor-drop-cap{margin-top:8px}.elementor-widget-text-editor:not(.elementor-drop-cap-view-default) .elementor-drop-cap-letter{width:1em;height:1em}.elementor-widget-text-editor .elementor-drop-cap{float:left;text-align:center;line-height:1;font-size:50px}.elementor-widget-text-editor .elementor-drop-cap-letter{display:inline-block}<\/style>\t\t\t\t<p>A Groupagro-Trade Kft. 2014-ben alakult, melyet Szlov\u00e1ki\u00e1ban imm\u00e1r 11 \u00e9ve akt\u00edvan \u00e9s sikeresen m\u0171k\u00f6d\u0151 c\u00e9g le\u00e1nyv\u00e1llalatak\u00e9nt alap\u00edtottak a magyar piacon t\u00f6rt\u00e9n\u0151 akt\u00edvabb jelenl\u00e9te c\u00e9lj\u00e1b\u00f3l. A c\u00e9g vezet\u0151s\u00e9g\u00e9t agr\u00e1r \u00e9s k\u00f6zgazdas\u00e1gi diplom\u00e1val rendelkez\u0151 szakemberek alak\u00edtj\u00e1k, akik a legjobb tud\u00e1suk \u00e9s tapasztalatuk szerint seg\u00edtik a termel\u0151k d\u00f6nt\u00e9seit.<\/p>\t\t\t\t\t\t<\/div>\n\t\t\t\t<\/div>\n\t\t\t\t<div class=\"elementor-element elementor-element-58705d4 elementor-align-left elementor-mobile-align-center elementor-widget elementor-widget-button\" data-id=\"58705d4\" data-element_type=\"widget\" data-widget_type=\"button.default\">\n\t\t\t\t<div class=\"elementor-widget-container\">\n\t\t\t\t\t<div class=\"elementor-button-wrapper\">\n\t\t\t<a class=\"elementor-button elementor-button-link elementor-size-sm\" href=\"https:\/\/groupagrotrade.hu\/index.php\/rolunk\/\">\n\t\t\t\t\t\t<span class=\"elementor-button-content-wrapper\">\n\t\t\t\t\t\t<span class=\"elementor-button-text\">Tov\u00e1bb<\/span>\n\t\t<\/span>\n\t\t\t\t\t<\/a>\n\t\t<\/div>\n\t\t\t\t<\/div>\n\t\t\t\t<\/div>\n\t\t\t\t\t<\/div>\n\t\t<\/div>\n\t\t\t\t<div class=\"elementor-column elementor-col-50 elementor-top-column elementor-element elementor-element-2851bf7\" data-id=\"2851bf7\" data-element_type=\"column\">\n\t\t\t<div class=\"elementor-widget-wrap elementor-element-populated\">\n\t\t\t\t\t\t\t\t<div class=\"elementor-element elementor-element-e3897f4 elementor-widget elementor-widget-image\" data-id=\"e3897f4\" data-element_type=\"widget\" data-widget_type=\"image.default\">\n\t\t\t\t<div class=\"elementor-widget-container\">\n\t\t\t<style>\/*! elementor - v3.14.0 - 26-06-2023 *\/\n.elementor-widget-image{text-align:center}.elementor-widget-image a{display:inline-block}.elementor-widget-image a img[src$=\".svg\"]{width:48px}.elementor-widget-image img{vertical-align:middle;display:inline-block}<\/style>\t\t\t\t\t\t\t\t\t\t\t\t<img loading=\"lazy\" decoding=\"async\" width=\"510\" height=\"557\" src=\"https:\/\/groupagrotrade.hu\/wp-content\/uploads\/2023\/07\/main-feature.png\" class=\"attachment-large size-large wp-image-1841\" alt=\"Kukorica\" srcset=\"https:\/\/groupagrotrade.hu\/wp-content\/uploads\/2023\/07\/main-feature.png 510w, https:\/\/groupagrotrade.hu\/wp-content\/uploads\/2023\/07\/main-feature-275x300.png 275w\" sizes=\"auto, (max-width: 510px) 100vw, 510px\" \/>\t\t\t\t\t\t\t\t\t\t\t\t\t\t\t<\/div>\n\t\t\t\t<\/div>\n\t\t\t\t\t<\/div>\n\t\t<\/div>\n\t\t\t\t\t\t\t<\/div>\n\t\t<\/section>\n\t\t\t\t<section class=\"elementor-section elementor-top-section elementor-element elementor-element-aff6ae1 elementor-section-boxed elementor-section-height-default elementor-section-height-default\" data-id=\"aff6ae1\" data-element_type=\"section\">\n\t\t\t\t\t\t<div class=\"elementor-container elementor-column-gap-wide\">\n\t\t\t\t\t<div class=\"elementor-column elementor-col-33 elementor-top-column elementor-element elementor-element-f8352c5\" data-id=\"f8352c5\" data-element_type=\"column\">\n\t\t\t<div class=\"elementor-widget-wrap elementor-element-populated\">\n\t\t\t\t\t\t\t\t<div class=\"elementor-element elementor-element-00d516a elementor-widget elementor-widget-image\" data-id=\"00d516a\" data-element_type=\"widget\" data-widget_type=\"image.default\">\n\t\t\t\t<div class=\"elementor-widget-container\">\n\t\t\t\t\t\t\t\t\t\t\t\t\t\t\t<img loading=\"lazy\" decoding=\"async\" width=\"734\" height=\"898\" src=\"https:\/\/groupagrotrade.hu\/wp-content\/uploads\/2022\/10\/Service-1-min.jpg\" class=\"attachment-full size-full wp-image-1690\" alt=\"\" srcset=\"https:\/\/groupagrotrade.hu\/wp-content\/uploads\/2022\/10\/Service-1-min.jpg 734w, https:\/\/groupagrotrade.hu\/wp-content\/uploads\/2022\/10\/Service-1-min-245x300.jpg 245w\" sizes=\"auto, (max-width: 734px) 100vw, 734px\" \/>\t\t\t\t\t\t\t\t\t\t\t\t\t\t\t<\/div>\n\t\t\t\t<\/div>\n\t\t\t\t<div class=\"elementor-element elementor-element-5774235 elementor-widget elementor-widget-heading\" data-id=\"5774235\" data-element_type=\"widget\" data-widget_type=\"heading.default\">\n\t\t\t\t<div class=\"elementor-widget-container\">\n\t\t\t<h4 class=\"elementor-heading-title elementor-size-default\">Ing. Czajlik Jen\u0151<br><\/h4>\t\t<\/div>\n\t\t\t\t<\/div>\n\t\t\t\t<div class=\"elementor-element elementor-element-87870da elementor-widget elementor-widget-text-editor\" data-id=\"87870da\" data-element_type=\"widget\" data-widget_type=\"text-editor.default\">\n\t\t\t\t<div class=\"elementor-widget-container\">\n\t\t\t\t\t\t\t<p>C\u00e9gtag, \u00fcgyvezet\u0151 \u00e9s \u00fczletk\u00f6t\u0151<\/p>\t\t\t\t\t\t<\/div>\n\t\t\t\t<\/div>\n\t\t\t\t<div class=\"elementor-element elementor-element-7b45356 elementor-icon-list--layout-traditional elementor-list-item-link-full_width elementor-widget elementor-widget-icon-list\" data-id=\"7b45356\" data-element_type=\"widget\" data-widget_type=\"icon-list.default\">\n\t\t\t\t<div class=\"elementor-widget-container\">\n\t\t\t<link rel=\"stylesheet\" href=\"https:\/\/groupagrotrade.hu\/wp-content\/plugins\/elementor\/assets\/css\/widget-icon-list.min.css\">\t\t<ul class=\"elementor-icon-list-items\">\n\t\t\t\t\t\t\t<li class=\"elementor-icon-list-item\">\n\t\t\t\t\t\t\t\t\t\t\t<span class=\"elementor-icon-list-icon\">\n\t\t\t\t\t\t\t<i aria-hidden=\"true\" class=\"fas fa-phone-alt\"><\/i>\t\t\t\t\t\t<\/span>\n\t\t\t\t\t\t\t\t\t\t<span class=\"elementor-icon-list-text\">+421 918 292 710<\/span>\n\t\t\t\t\t\t\t\t\t<\/li>\n\t\t\t\t\t\t<\/ul>\n\t\t\t\t<\/div>\n\t\t\t\t<\/div>\n\t\t\t\t\t<\/div>\n\t\t<\/div>\n\t\t\t\t<div class=\"elementor-column elementor-col-33 elementor-top-column elementor-element elementor-element-9fec389\" data-id=\"9fec389\" data-element_type=\"column\">\n\t\t\t<div class=\"elementor-widget-wrap elementor-element-populated\">\n\t\t\t\t\t\t\t\t<div class=\"elementor-element elementor-element-53ab989 elementor-widget elementor-widget-image\" data-id=\"53ab989\" data-element_type=\"widget\" data-widget_type=\"image.default\">\n\t\t\t\t<div class=\"elementor-widget-container\">\n\t\t\t\t\t\t\t\t\t\t\t\t\t\t\t<img loading=\"lazy\" decoding=\"async\" width=\"734\" height=\"898\" src=\"https:\/\/groupagrotrade.hu\/wp-content\/uploads\/2022\/10\/Service-2-min.jpg\" class=\"attachment-full size-full wp-image-1691\" alt=\"\" srcset=\"https:\/\/groupagrotrade.hu\/wp-content\/uploads\/2022\/10\/Service-2-min.jpg 734w, https:\/\/groupagrotrade.hu\/wp-content\/uploads\/2022\/10\/Service-2-min-245x300.jpg 245w\" sizes=\"auto, (max-width: 734px) 100vw, 734px\" \/>\t\t\t\t\t\t\t\t\t\t\t\t\t\t\t<\/div>\n\t\t\t\t<\/div>\n\t\t\t\t<div class=\"elementor-element elementor-element-4dea650 elementor-widget elementor-widget-heading\" data-id=\"4dea650\" data-element_type=\"widget\" data-widget_type=\"heading.default\">\n\t\t\t\t<div class=\"elementor-widget-container\">\n\t\t\t<h4 class=\"elementor-heading-title elementor-size-default\">Moncol Denis<\/h4>\t\t<\/div>\n\t\t\t\t<\/div>\n\t\t\t\t<div class=\"elementor-element elementor-element-b5ddd55 elementor-widget elementor-widget-text-editor\" data-id=\"b5ddd55\" data-element_type=\"widget\" data-widget_type=\"text-editor.default\">\n\t\t\t\t<div class=\"elementor-widget-container\">\n\t\t\t\t\t\t\t<p>Logisztika \u00e9s \u00fczlet manager<\/p>\t\t\t\t\t\t<\/div>\n\t\t\t\t<\/div>\n\t\t\t\t<div class=\"elementor-element elementor-element-73b208c elementor-icon-list--layout-traditional elementor-list-item-link-full_width elementor-widget elementor-widget-icon-list\" data-id=\"73b208c\" data-element_type=\"widget\" data-widget_type=\"icon-list.default\">\n\t\t\t\t<div class=\"elementor-widget-container\">\n\t\t\t\t\t<ul class=\"elementor-icon-list-items\">\n\t\t\t\t\t\t\t<li class=\"elementor-icon-list-item\">\n\t\t\t\t\t\t\t\t\t\t\t<span class=\"elementor-icon-list-icon\">\n\t\t\t\t\t\t\t<i aria-hidden=\"true\" class=\"fas fa-phone-alt\"><\/i>\t\t\t\t\t\t<\/span>\n\t\t\t\t\t\t\t\t\t\t<span class=\"elementor-icon-list-text\">+36 30 753 6084<\/span>\n\t\t\t\t\t\t\t\t\t<\/li>\n\t\t\t\t\t\t<\/ul>\n\t\t\t\t<\/div>\n\t\t\t\t<\/div>\n\t\t\t\t\t<\/div>\n\t\t<\/div>\n\t\t\t\t<div class=\"elementor-column elementor-col-33 elementor-top-column elementor-element elementor-element-a4b2aab\" data-id=\"a4b2aab\" data-element_type=\"column\">\n\t\t\t<div class=\"elementor-widget-wrap elementor-element-populated\">\n\t\t\t\t\t\t\t\t<div class=\"elementor-element elementor-element-83d3bf2 elementor-widget elementor-widget-image\" data-id=\"83d3bf2\" data-element_type=\"widget\" data-widget_type=\"image.default\">\n\t\t\t\t<div class=\"elementor-widget-container\">\n\t\t\t\t\t\t\t\t\t\t\t\t\t\t\t<img loading=\"lazy\" decoding=\"async\" width=\"734\" height=\"898\" src=\"https:\/\/groupagrotrade.hu\/wp-content\/uploads\/2022\/10\/Service-3-min.jpg\" class=\"attachment-full size-full wp-image-1692\" alt=\"\" srcset=\"https:\/\/groupagrotrade.hu\/wp-content\/uploads\/2022\/10\/Service-3-min.jpg 734w, https:\/\/groupagrotrade.hu\/wp-content\/uploads\/2022\/10\/Service-3-min-245x300.jpg 245w\" sizes=\"auto, (max-width: 734px) 100vw, 734px\" \/>\t\t\t\t\t\t\t\t\t\t\t\t\t\t\t<\/div>\n\t\t\t\t<\/div>\n\t\t\t\t<div class=\"elementor-element elementor-element-14b01c6 elementor-widget elementor-widget-heading\" data-id=\"14b01c6\" data-element_type=\"widget\" data-widget_type=\"heading.default\">\n\t\t\t\t<div class=\"elementor-widget-container\">\n\t\t\t<h4 class=\"elementor-heading-title elementor-size-default\">Ing. Szalai \u00c1d\u00e1m, DiS.<\/h4>\t\t<\/div>\n\t\t\t\t<\/div>\n\t\t\t\t<div class=\"elementor-element elementor-element-f55e44c elementor-widget elementor-widget-text-editor\" data-id=\"f55e44c\" data-element_type=\"widget\" data-widget_type=\"text-editor.default\">\n\t\t\t\t<div class=\"elementor-widget-container\">\n\t\t\t\t\t\t\t<p>\u00dcgyvezet\u0151 \u00e9s \u00fczletk\u00f6t\u0151<\/p>\t\t\t\t\t\t<\/div>\n\t\t\t\t<\/div>\n\t\t\t\t<div class=\"elementor-element elementor-element-7dcfbae elementor-icon-list--layout-traditional elementor-list-item-link-full_width elementor-widget elementor-widget-icon-list\" data-id=\"7dcfbae\" data-element_type=\"widget\" data-widget_type=\"icon-list.default\">\n\t\t\t\t<div class=\"elementor-widget-container\">\n\t\t\t\t\t<ul class=\"elementor-icon-list-items\">\n\t\t\t\t\t\t\t<li class=\"elementor-icon-list-item\">\n\t\t\t\t\t\t\t\t\t\t\t<span class=\"elementor-icon-list-icon\">\n\t\t\t\t\t\t\t<i aria-hidden=\"true\" class=\"fas fa-phone-alt\"><\/i>\t\t\t\t\t\t<\/span>\n\t\t\t\t\t\t\t\t\t\t<span class=\"elementor-icon-list-text\">+36 20 362 5786<\/span>\n\t\t\t\t\t\t\t\t\t<\/li>\n\t\t\t\t\t\t<\/ul>\n\t\t\t\t<\/div>\n\t\t\t\t<\/div>\n\t\t\t\t\t<\/div>\n\t\t<\/div>\n\t\t\t\t\t\t\t<\/div>\n\t\t<\/section>\n\t\t\t\t<section class=\"elementor-section elementor-top-section elementor-element elementor-element-1261362 elementor-section-boxed elementor-section-height-default elementor-section-height-default\" data-id=\"1261362\" data-element_type=\"section\">\n\t\t\t\t\t\t<div class=\"elementor-container elementor-column-gap-wide\">\n\t\t\t\t\t<div class=\"elementor-column elementor-col-50 elementor-top-column elementor-element elementor-element-e2c6a26\" data-id=\"e2c6a26\" data-element_type=\"column\">\n\t\t\t<div class=\"elementor-widget-wrap elementor-element-populated\">\n\t\t\t\t\t\t\t\t<div class=\"elementor-element elementor-element-9aeb929 elementor-widget elementor-widget-image\" data-id=\"9aeb929\" data-element_type=\"widget\" data-widget_type=\"image.default\">\n\t\t\t\t<div class=\"elementor-widget-container\">\n\t\t\t\t\t\t\t\t\t\t\t\t\t\t\t<img loading=\"lazy\" decoding=\"async\" width=\"1024\" height=\"683\" src=\"https:\/\/groupagrotrade.hu\/wp-content\/uploads\/2023\/07\/male-hand-holding-golden-wheat-ear-1024x683.jpg\" class=\"attachment-large size-large wp-image-1901\" alt=\"\" srcset=\"https:\/\/groupagrotrade.hu\/wp-content\/uploads\/2023\/07\/male-hand-holding-golden-wheat-ear-1024x683.jpg 1024w, https:\/\/groupagrotrade.hu\/wp-content\/uploads\/2023\/07\/male-hand-holding-golden-wheat-ear-300x200.jpg 300w, https:\/\/groupagrotrade.hu\/wp-content\/uploads\/2023\/07\/male-hand-holding-golden-wheat-ear-768x512.jpg 768w, https:\/\/groupagrotrade.hu\/wp-content\/uploads\/2023\/07\/male-hand-holding-golden-wheat-ear-1536x1024.jpg 1536w, https:\/\/groupagrotrade.hu\/wp-content\/uploads\/2023\/07\/male-hand-holding-golden-wheat-ear-2048x1365.jpg 2048w\" sizes=\"auto, (max-width: 1024px) 100vw, 1024px\" \/>\t\t\t\t\t\t\t\t\t\t\t\t\t\t\t<\/div>\n\t\t\t\t<\/div>\n\t\t\t\t\t<\/div>\n\t\t<\/div>\n\t\t\t\t<div class=\"elementor-column elementor-col-50 elementor-top-column elementor-element elementor-element-dfafc26\" data-id=\"dfafc26\" data-element_type=\"column\">\n\t\t\t<div class=\"elementor-widget-wrap elementor-element-populated\">\n\t\t\t\t\t\t\t\t<div class=\"elementor-element elementor-element-630ff15 elementor-widget elementor-widget-heading\" data-id=\"630ff15\" data-element_type=\"widget\" data-widget_type=\"heading.default\">\n\t\t\t\t<div class=\"elementor-widget-container\">\n\t\t\t<h2 class=\"elementor-heading-title elementor-size-default\">TEV\u00c9KENYS\u00c9GEINK\n<\/h2>\t\t<\/div>\n\t\t\t\t<\/div>\n\t\t\t\t<div class=\"elementor-element elementor-element-e792aeb elementor-widget elementor-widget-text-editor\" data-id=\"e792aeb\" data-element_type=\"widget\" data-widget_type=\"text-editor.default\">\n\t\t\t\t<div class=\"elementor-widget-container\">\n\t\t\t\t\t\t\t<p>A kft. \u00e9lelmiszeripari \u00e9s mez\u0151gazdas\u00e1gi term\u00e9nyek nagykereskedelm\u00e9vel foglalkozik. A sok \u00e9ves szakmai tapasztalatnak k\u00f6sz\u00f6nhet\u0151en nemcsak Magyarorsz\u00e1g ter\u00fclet\u00e9n, hanem sz\u00e1mos K\u00f6z\u00e9p- \u00e9s Kelet-eur\u00f3pai orsz\u00e1gban is.\u00a0<\/p>\t\t\t\t\t\t<\/div>\n\t\t\t\t<\/div>\n\t\t\t\t<div class=\"elementor-element elementor-element-33708f6 elementor-align-left elementor-mobile-align-center elementor-widget elementor-widget-button\" data-id=\"33708f6\" data-element_type=\"widget\" data-widget_type=\"button.default\">\n\t\t\t\t<div class=\"elementor-widget-container\">\n\t\t\t\t\t<div class=\"elementor-button-wrapper\">\n\t\t\t<a class=\"elementor-button elementor-button-link elementor-size-sm\" href=\"https:\/\/groupagrotrade.hu\/index.php\/tevekenysegeink\/\">\n\t\t\t\t\t\t<span class=\"elementor-button-content-wrapper\">\n\t\t\t\t\t\t<span class=\"elementor-button-text\">Tov\u00e1bb<\/span>\n\t\t<\/span>\n\t\t\t\t\t<\/a>\n\t\t<\/div>\n\t\t\t\t<\/div>\n\t\t\t\t<\/div>\n\t\t\t\t\t<\/div>\n\t\t<\/div>\n\t\t\t\t\t\t\t<\/div>\n\t\t<\/section>\n\t\t\t\t<section class=\"elementor-section elementor-top-section elementor-element elementor-element-be8b1b9 elementor-section-content-middle elementor-section-boxed elementor-section-height-default elementor-section-height-default\" data-id=\"be8b1b9\" data-element_type=\"section\" data-settings=\"{&quot;background_background&quot;:&quot;classic&quot;}\">\n\t\t\t\t\t\t<div class=\"elementor-container elementor-column-gap-default\">\n\t\t\t\t\t<div class=\"elementor-column elementor-col-100 elementor-top-column elementor-element elementor-element-a45eb33\" data-id=\"a45eb33\" data-element_type=\"column\" data-settings=\"{&quot;background_background&quot;:&quot;classic&quot;}\">\n\t\t\t<div class=\"elementor-widget-wrap elementor-element-populated\">\n\t\t\t\t\t\t\t\t<div class=\"elementor-element elementor-element-ed4759e elementor-widget elementor-widget-heading\" data-id=\"ed4759e\" data-element_type=\"widget\" data-widget_type=\"heading.default\">\n\t\t\t\t<div class=\"elementor-widget-container\">\n\t\t\t<h2 class=\"elementor-heading-title elementor-size-default\">EL\u00c9RHET\u0150S\u00c9GEINK\n<\/h2>\t\t<\/div>\n\t\t\t\t<\/div>\n\t\t\t\t<div class=\"elementor-element elementor-element-c4f7b91 elementor-widget elementor-widget-text-editor\" data-id=\"c4f7b91\" data-element_type=\"widget\" data-widget_type=\"text-editor.default\">\n\t\t\t\t<div class=\"elementor-widget-container\">\n\t\t\t\t\t\t\t<section id=\"get-in-touch\"><div class=\"container\"><div class=\"section-header\"><p class=\"text-center wow fadeInDown animated\">Amennyiben k\u00e9rd\u00e9se van, \u00e1raj\u00e1nlatot k\u00e9rne vagy rendelni szeretne,<br \/>keressen minket bizalommal el\u00e9rhet\u0151s\u00e9geink b\u00e1rmelyik\u00e9n!<\/p><\/div><\/div><\/section><section id=\"contact\"><\/section>\t\t\t\t\t\t<\/div>\n\t\t\t\t<\/div>\n\t\t\t\t<div class=\"elementor-element elementor-element-bbdc8f2 elementor-align-center elementor-widget elementor-widget-button\" data-id=\"bbdc8f2\" data-element_type=\"widget\" data-widget_type=\"button.default\">\n\t\t\t\t<div class=\"elementor-widget-container\">\n\t\t\t\t\t<div class=\"elementor-button-wrapper\">\n\t\t\t<a class=\"elementor-button elementor-button-link elementor-size-sm\" href=\"https:\/\/groupagrotrade.hu\/index.php\/elerhetoseg\/\">\n\t\t\t\t\t\t<span class=\"elementor-button-content-wrapper\">\n\t\t\t\t\t\t<span class=\"elementor-button-text\">El\u00e9rhet\u0151s\u00e9g\u00fcnk<\/span>\n\t\t<\/span>\n\t\t\t\t\t<\/a>\n\t\t<\/div>\n\t\t\t\t<\/div>\n\t\t\t\t<\/div>\n\t\t\t\t\t<\/div>\n\t\t<\/div>\n\t\t\t\t\t\t\t<\/div>\n\t\t<\/section>\n\t\t\t\t\t\t\t<\/div>\n\t\t","protected":false},"excerpt":{"rendered":"<p>V\u00e1llalkoz\u00e1sunkr\u00f3l A Groupagro-Trade Kft. 2014-ben alakult, melyet Szlov\u00e1ki\u00e1ban imm\u00e1r 11 \u00e9ve akt\u00edvan \u00e9s sikeresen m\u0171k\u00f6d\u0151 c\u00e9g le\u00e1nyv\u00e1llalatak\u00e9nt alap\u00edtottak a magyar piacon t\u00f6rt\u00e9n\u0151 akt\u00edvabb jelenl\u00e9te c\u00e9lj\u00e1b\u00f3l. A c\u00e9g vezet\u0151s\u00e9g\u00e9t agr\u00e1r \u00e9s k\u00f6zgazdas\u00e1gi diplom\u00e1val rendelkez\u0151 szakemberek alak\u00edtj\u00e1k, akik a legjobb tud\u00e1suk \u00e9s tapasztalatuk szerint seg\u00edtik a termel\u0151k d\u00f6nt\u00e9seit. Tov\u00e1bb Ing. Czajlik Jen\u0151 C\u00e9gtag, \u00fcgyvezet\u0151 \u00e9s \u00fczletk\u00f6t\u0151 +421 &hellip;<\/p>\n<p class=\"read-more\"> <a class=\"\" href=\"https:\/\/groupagrotrade.hu\/\"> <span class=\"screen-reader-text\">Home<\/span> Read More &raquo;<\/a><\/p>\n","protected":false},"author":1,"featured_media":0,"parent":0,"menu_order":0,"comment_status":"closed","ping_status":"closed","template":"","meta":{"site-sidebar-layout":"no-sidebar","site-content-layout":"page-builder","ast-global-header-display":"","ast-banner-title-visibility":"","ast-main-header-display":"","ast-hfb-above-header-display":"","ast-hfb-below-header-display":"","ast-hfb-mobile-header-display":"","site-post-title":"disabled","ast-breadcrumbs-content":"","ast-featured-img":"disabled","footer-sml-layout":"","theme-transparent-header-meta":"enabled","adv-header-id-meta":"","stick-header-meta":"","header-above-stick-meta":"","header-main-stick-meta":"","header-below-stick-meta":"","footnotes":""},"class_list":["post-1448","page","type-page","status-publish","hentry"],"_links":{"self":[{"href":"https:\/\/groupagrotrade.hu\/index.php\/wp-json\/wp\/v2\/pages\/1448","targetHints":{"allow":["GET"]}}],"collection":[{"href":"https:\/\/groupagrotrade.hu\/index.php\/wp-json\/wp\/v2\/pages"}],"about":[{"href":"https:\/\/groupagrotrade.hu\/index.php\/wp-json\/wp\/v2\/types\/page"}],"author":[{"embeddable":true,"href":"https:\/\/groupagrotrade.hu\/index.php\/wp-json\/wp\/v2\/users\/1"}],"replies":[{"embeddable":true,"href":"https:\/\/groupagrotrade.hu\/index.php\/wp-json\/wp\/v2\/comments?post=1448"}],"version-history":[{"count":84,"href":"https:\/\/groupagrotrade.hu\/index.php\/wp-json\/wp\/v2\/pages\/1448\/revisions"}],"predecessor-version":[{"id":2078,"href":"https:\/\/groupagrotrade.hu\/index.php\/wp-json\/wp\/v2\/pages\/1448\/revisions\/2078"}],"wp:attachment":[{"href":"https:\/\/groupagrotrade.hu\/index.php\/wp-json\/wp\/v2\/media?parent=1448"}],"curies":[{"name":"wp","href":"https:\/\/api.w.org\/{rel}","templated":true}]}}