{"id":15,"date":"2021-11-21T15:14:41","date_gmt":"2021-11-21T14:14:41","guid":{"rendered":"https:\/\/groupagrotrade.hu\/index.php\/services\/"},"modified":"2024-02-11T16:41:06","modified_gmt":"2024-02-11T15:41:06","slug":"tevekenysegeink","status":"publish","type":"page","link":"https:\/\/groupagrotrade.hu\/index.php\/tevekenysegeink\/","title":{"rendered":"Tev\u00e9kenys\u00e9geink"},"content":{"rendered":"\t\t<div data-elementor-type=\"wp-page\" data-elementor-id=\"15\" class=\"elementor elementor-15\">\n\t\t\t\t\t\t\t\t\t<section class=\"elementor-section elementor-top-section elementor-element elementor-element-6f57d69 elementor-section-height-min-height elementor-section-boxed elementor-section-height-default elementor-section-items-middle\" data-id=\"6f57d69\" data-element_type=\"section\" data-settings=\"{&quot;background_background&quot;:&quot;classic&quot;}\">\n\t\t\t\t\t\t<div class=\"elementor-container elementor-column-gap-default\">\n\t\t\t\t\t<div class=\"elementor-column elementor-col-100 elementor-top-column elementor-element elementor-element-47228c7\" data-id=\"47228c7\" data-element_type=\"column\" data-settings=\"{&quot;background_background&quot;:&quot;classic&quot;}\">\n\t\t\t<div class=\"elementor-widget-wrap\">\n\t\t\t\t\t\t\t\t\t<\/div>\n\t\t<\/div>\n\t\t\t\t\t\t\t<\/div>\n\t\t<\/section>\n\t\t\t\t<section class=\"elementor-section elementor-top-section elementor-element elementor-element-313a1ba elementor-reverse-mobile elementor-section-boxed elementor-section-height-default elementor-section-height-default\" data-id=\"313a1ba\" data-element_type=\"section\">\n\t\t\t\t\t\t<div class=\"elementor-container elementor-column-gap-default\">\n\t\t\t\t\t<div class=\"elementor-column elementor-col-100 elementor-top-column elementor-element elementor-element-ddff12f\" data-id=\"ddff12f\" data-element_type=\"column\">\n\t\t\t<div class=\"elementor-widget-wrap elementor-element-populated\">\n\t\t\t\t\t\t\t\t<div class=\"elementor-element elementor-element-4f3b33b elementor-widget elementor-widget-heading\" data-id=\"4f3b33b\" data-element_type=\"widget\" data-widget_type=\"heading.default\">\n\t\t\t\t<div class=\"elementor-widget-container\">\n\t\t\t<style>\/*! elementor - v3.14.0 - 26-06-2023 *\/\n.elementor-heading-title{padding:0;margin:0;line-height:1}.elementor-widget-heading .elementor-heading-title[class*=elementor-size-]>a{color:inherit;font-size:inherit;line-height:inherit}.elementor-widget-heading .elementor-heading-title.elementor-size-small{font-size:15px}.elementor-widget-heading .elementor-heading-title.elementor-size-medium{font-size:19px}.elementor-widget-heading .elementor-heading-title.elementor-size-large{font-size:29px}.elementor-widget-heading .elementor-heading-title.elementor-size-xl{font-size:39px}.elementor-widget-heading .elementor-heading-title.elementor-size-xxl{font-size:59px}<\/style><h2 class=\"elementor-heading-title elementor-size-default\">Meghat\u00e1roz\u00f3 tev\u00e9kenys\u00e9g\u00fcnk <\/h2>\t\t<\/div>\n\t\t\t\t<\/div>\n\t\t\t\t<div class=\"elementor-element elementor-element-bbd6665 elementor-widget elementor-widget-text-editor\" data-id=\"bbd6665\" data-element_type=\"widget\" data-widget_type=\"text-editor.default\">\n\t\t\t\t<div class=\"elementor-widget-container\">\n\t\t\t<style>\/*! elementor - v3.14.0 - 26-06-2023 *\/\n.elementor-widget-text-editor.elementor-drop-cap-view-stacked .elementor-drop-cap{background-color:#69727d;color:#fff}.elementor-widget-text-editor.elementor-drop-cap-view-framed .elementor-drop-cap{color:#69727d;border:3px solid;background-color:transparent}.elementor-widget-text-editor:not(.elementor-drop-cap-view-default) .elementor-drop-cap{margin-top:8px}.elementor-widget-text-editor:not(.elementor-drop-cap-view-default) .elementor-drop-cap-letter{width:1em;height:1em}.elementor-widget-text-editor .elementor-drop-cap{float:left;text-align:center;line-height:1;font-size:50px}.elementor-widget-text-editor .elementor-drop-cap-letter{display:inline-block}<\/style>\t\t\t\t<p><span style=\"font-style: inherit; font-weight: inherit; background-color: var(--ast-global-color-5); color: var(--ast-global-color-3);\">Mi, a Groupagro nemcsak Magyarorsz\u00e1g ter\u00fclet\u00e9n, hanem sz\u00e1mos K\u00f6z\u00e9p- \u00e9s Kelet-eur\u00f3pai orsz\u00e1gban is jelen vagyunk. Partnereink soksz\u00edn\u0171s\u00e9g\u00e9nek k\u00f6sz\u00f6nhet\u0151en, nem csak az alapvet\u0151 gabon\u00e1k \u00e9s olajos-magvak, de takarm\u00e1ny alapanyagok kereskedelm\u00e9vel is foglalkozunk. Partnereink k\u00f6r\u00e9ben \u00fcdv\u00f6z\u00f6lhetj\u00fck a hazai termel\u0151ket, hazai \u00e9s k\u00fclf\u00f6ldi mez\u0151gazdas\u00e1gi feldolgoz\u00f3kat \u00e9s takarm\u00e1nykever\u0151ket.&nbsp;<\/span><\/p><p><span style=\"font-style: inherit; font-weight: inherit; background-color: var(--ast-global-color-5); color: var(--ast-global-color-3);\"><br><\/span><\/p><p><span style=\"font-style: inherit; font-weight: inherit; background-color: var(--ast-global-color-5); color: var(--ast-global-color-3);\">A tev\u00e9kenys\u00e9g\u00fcnk a nagyon egyszer\u0171. A hazailag felv\u00e1s\u00e1rolt term\u00e9nyt \u00e9rt\u00e9kes\u00edtj\u00fck tov\u00e1bb \u00fczleti partnereink r\u00e9sz\u00e9re. Bev\u00e9tel\u00fcnk jelent\u0151s r\u00e9sze export, mivel er\u0151sek vagyunk a k\u00fclf\u00f6ldi piacokon. \u00dczleti szolg\u00e1ltat\u00e1sainkkal igyeksz\u00fcnk rugalmas, hossz\u00fa t\u00e1v\u00fa kapcsolatot l\u00e9tes\u00edteni.<\/span><br><\/p>\t\t\t\t\t\t<\/div>\n\t\t\t\t<\/div>\n\t\t\t\t\t<\/div>\n\t\t<\/div>\n\t\t\t\t\t\t\t<\/div>\n\t\t<\/section>\n\t\t\t\t<section class=\"elementor-section elementor-top-section elementor-element elementor-element-172a008c elementor-section-content-middle elementor-section-boxed elementor-section-height-default elementor-section-height-default\" data-id=\"172a008c\" data-element_type=\"section\" data-settings=\"{&quot;background_background&quot;:&quot;classic&quot;}\">\n\t\t\t\t\t\t<div class=\"elementor-container elementor-column-gap-default\">\n\t\t\t\t\t<div class=\"elementor-column elementor-col-100 elementor-top-column elementor-element elementor-element-43ba3cf2\" data-id=\"43ba3cf2\" data-element_type=\"column\" data-settings=\"{&quot;background_background&quot;:&quot;classic&quot;}\">\n\t\t\t<div class=\"elementor-widget-wrap elementor-element-populated\">\n\t\t\t\t\t\t\t\t<div class=\"elementor-element elementor-element-4a031a4a elementor-widget elementor-widget-heading\" data-id=\"4a031a4a\" data-element_type=\"widget\" data-widget_type=\"heading.default\">\n\t\t\t\t<div class=\"elementor-widget-container\">\n\t\t\t<h2 class=\"elementor-heading-title elementor-size-default\">EL\u00c9RHET\u0150S\u00c9GEINK\n<\/h2>\t\t<\/div>\n\t\t\t\t<\/div>\n\t\t\t\t<div class=\"elementor-element elementor-element-71e819f2 elementor-widget elementor-widget-text-editor\" data-id=\"71e819f2\" data-element_type=\"widget\" data-widget_type=\"text-editor.default\">\n\t\t\t\t<div class=\"elementor-widget-container\">\n\t\t\t\t\t\t\t<section id=\"get-in-touch\"><div class=\"container\"><div class=\"section-header\"><p class=\"text-center wow fadeInDown animated\">Amennyiben k\u00e9rd\u00e9se van, \u00e1raj\u00e1nlatot k\u00e9rne vagy rendelni szeretne,<br \/>keressen minket bizalommal el\u00e9rhet\u0151s\u00e9geink b\u00e1rmelyik\u00e9n!<\/p><\/div><\/div><\/section><section id=\"contact\"><\/section>\t\t\t\t\t\t<\/div>\n\t\t\t\t<\/div>\n\t\t\t\t<div class=\"elementor-element elementor-element-477c16b1 elementor-align-center elementor-widget elementor-widget-button\" data-id=\"477c16b1\" data-element_type=\"widget\" data-widget_type=\"button.default\">\n\t\t\t\t<div class=\"elementor-widget-container\">\n\t\t\t\t\t<div class=\"elementor-button-wrapper\">\n\t\t\t<a class=\"elementor-button elementor-button-link elementor-size-sm\" href=\"https:\/\/groupagrotrade.hu\/index.php\/elerhetoseg\/\">\n\t\t\t\t\t\t<span class=\"elementor-button-content-wrapper\">\n\t\t\t\t\t\t<span class=\"elementor-button-text\">El\u00e9rhet\u0151s\u00e9g\u00fcnk<\/span>\n\t\t<\/span>\n\t\t\t\t\t<\/a>\n\t\t<\/div>\n\t\t\t\t<\/div>\n\t\t\t\t<\/div>\n\t\t\t\t\t<\/div>\n\t\t<\/div>\n\t\t\t\t\t\t\t<\/div>\n\t\t<\/section>\n\t\t\t\t\t\t\t<\/div>\n\t\t","protected":false},"excerpt":{"rendered":"<p>Meghat\u00e1roz\u00f3 tev\u00e9kenys\u00e9g\u00fcnk Mi, a Groupagro nemcsak Magyarorsz\u00e1g ter\u00fclet\u00e9n, hanem sz\u00e1mos K\u00f6z\u00e9p- \u00e9s Kelet-eur\u00f3pai orsz\u00e1gban is jelen vagyunk. Partnereink soksz\u00edn\u0171s\u00e9g\u00e9nek k\u00f6sz\u00f6nhet\u0151en, nem csak az alapvet\u0151 gabon\u00e1k \u00e9s olajos-magvak, de takarm\u00e1ny alapanyagok kereskedelm\u00e9vel is foglalkozunk. Partnereink k\u00f6r\u00e9ben \u00fcdv\u00f6z\u00f6lhetj\u00fck a hazai termel\u0151ket, hazai \u00e9s k\u00fclf\u00f6ldi mez\u0151gazdas\u00e1gi feldolgoz\u00f3kat \u00e9s takarm\u00e1nykever\u0151ket.&nbsp; A tev\u00e9kenys\u00e9g\u00fcnk a nagyon egyszer\u0171. A hazailag felv\u00e1s\u00e1rolt term\u00e9nyt &hellip;<\/p>\n<p class=\"read-more\"> <a class=\"\" href=\"https:\/\/groupagrotrade.hu\/index.php\/tevekenysegeink\/\"> <span class=\"screen-reader-text\">Tev\u00e9kenys\u00e9geink<\/span> Read More &raquo;<\/a><\/p>\n","protected":false},"author":1,"featured_media":0,"parent":0,"menu_order":0,"comment_status":"closed","ping_status":"closed","template":"","meta":{"site-sidebar-layout":"no-sidebar","site-content-layout":"page-builder","ast-global-header-display":"","ast-banner-title-visibility":"","ast-main-header-display":"","ast-hfb-above-header-display":"","ast-hfb-below-header-display":"","ast-hfb-mobile-header-display":"","site-post-title":"disabled","ast-breadcrumbs-content":"","ast-featured-img":"disabled","footer-sml-layout":"","theme-transparent-header-meta":"enabled","adv-header-id-meta":"","stick-header-meta":"","header-above-stick-meta":"","header-main-stick-meta":"","header-below-stick-meta":"","footnotes":""},"class_list":["post-15","page","type-page","status-publish","hentry"],"_links":{"self":[{"href":"https:\/\/groupagrotrade.hu\/index.php\/wp-json\/wp\/v2\/pages\/15","targetHints":{"allow":["GET"]}}],"collection":[{"href":"https:\/\/groupagrotrade.hu\/index.php\/wp-json\/wp\/v2\/pages"}],"about":[{"href":"https:\/\/groupagrotrade.hu\/index.php\/wp-json\/wp\/v2\/types\/page"}],"author":[{"embeddable":true,"href":"https:\/\/groupagrotrade.hu\/index.php\/wp-json\/wp\/v2\/users\/1"}],"replies":[{"embeddable":true,"href":"https:\/\/groupagrotrade.hu\/index.php\/wp-json\/wp\/v2\/comments?post=15"}],"version-history":[{"count":59,"href":"https:\/\/groupagrotrade.hu\/index.php\/wp-json\/wp\/v2\/pages\/15\/revisions"}],"predecessor-version":[{"id":2067,"href":"https:\/\/groupagrotrade.hu\/index.php\/wp-json\/wp\/v2\/pages\/15\/revisions\/2067"}],"wp:attachment":[{"href":"https:\/\/groupagrotrade.hu\/index.php\/wp-json\/wp\/v2\/media?parent=15"}],"curies":[{"name":"wp","href":"https:\/\/api.w.org\/{rel}","templated":true}]}}