{"id":16,"date":"2021-11-21T15:14:44","date_gmt":"2021-11-21T14:14:44","guid":{"rendered":"https:\/\/groupagrotrade.hu\/index.php\/contact\/"},"modified":"2024-02-11T15:36:07","modified_gmt":"2024-02-11T14:36:07","slug":"elerhetoseg","status":"publish","type":"page","link":"https:\/\/groupagrotrade.hu\/index.php\/elerhetoseg\/","title":{"rendered":"El\u00e9rhet\u0151s\u00e9g"},"content":{"rendered":"<style>\/*! elementor - v3.14.0 - 26-06-2023 *\/\n.elementor-heading-title{padding:0;margin:0;line-height:1}.elementor-widget-heading .elementor-heading-title[class*=elementor-size-]>a{color:inherit;font-size:inherit;line-height:inherit}.elementor-widget-heading .elementor-heading-title.elementor-size-small{font-size:15px}.elementor-widget-heading .elementor-heading-title.elementor-size-medium{font-size:19px}.elementor-widget-heading .elementor-heading-title.elementor-size-large{font-size:29px}.elementor-widget-heading .elementor-heading-title.elementor-size-xl{font-size:39px}.elementor-widget-heading .elementor-heading-title.elementor-size-xxl{font-size:59px}<\/style>\n<h2> GROUPAGRO-TRADE Kft.<\/h2>\n<link rel=\"stylesheet\" href=\"https:\/\/groupagrotrade.hu\/wp-content\/plugins\/elementor\/assets\/css\/widget-icon-box.min.css\">\n<h3>\n\t\t\t\t\t\tEMAIL<br \/>\n\t\t\t\t<\/h3>\n<p>\n\t\t\t\t\t\tinfo@groupagrotrade.hu\t\t\t\t\t<\/p>\n<h3>\n\t\t\t\t\t\tTelefonsz\u00e1m<br \/>\n\t\t\t\t<\/h3>\n<p>\n\t\t\t\t\t\t+36 20 362 5786\t\t\t\t\t<\/p>\n<h3>\n\t\t\t\t\t\tC\u00edm<br \/>\n\t\t\t\t<\/h3>\n<p>\n\t\t\t\t\t\t9030 Gy\u0151r,<br \/>\n\u00datt\u00f6r\u0151 utca 4.\t\t\t\t\t<\/p>\n","protected":false},"excerpt":{"rendered":"<p>GROUPAGRO-TRADE Kft. EMAIL info@groupagrotrade.hu Telefonsz\u00e1m +36 20 362 5786 C\u00edm 9030 Gy\u0151r, \u00datt\u00f6r\u0151 utca 4.<\/p>\n","protected":false},"author":1,"featured_media":0,"parent":0,"menu_order":0,"comment_status":"closed","ping_status":"closed","template":"","meta":{"site-sidebar-layout":"no-sidebar","site-content-layout":"page-builder","ast-global-header-display":"","ast-banner-title-visibility":"","ast-main-header-display":"","ast-hfb-above-header-display":"","ast-hfb-below-header-display":"","ast-hfb-mobile-header-display":"","site-post-title":"disabled","ast-breadcrumbs-content":"","ast-featured-img":"disabled","footer-sml-layout":"","theme-transparent-header-meta":"enabled","adv-header-id-meta":"","stick-header-meta":"","header-above-stick-meta":"","header-main-stick-meta":"","header-below-stick-meta":"","footnotes":""},"class_list":["post-16","page","type-page","status-publish","hentry"],"_links":{"self":[{"href":"https:\/\/groupagrotrade.hu\/index.php\/wp-json\/wp\/v2\/pages\/16","targetHints":{"allow":["GET"]}}],"collection":[{"href":"https:\/\/groupagrotrade.hu\/index.php\/wp-json\/wp\/v2\/pages"}],"about":[{"href":"https:\/\/groupagrotrade.hu\/index.php\/wp-json\/wp\/v2\/types\/page"}],"author":[{"embeddable":true,"href":"https:\/\/groupagrotrade.hu\/index.php\/wp-json\/wp\/v2\/users\/1"}],"replies":[{"embeddable":true,"href":"https:\/\/groupagrotrade.hu\/index.php\/wp-json\/wp\/v2\/comments?post=16"}],"version-history":[{"count":45,"href":"https:\/\/groupagrotrade.hu\/index.php\/wp-json\/wp\/v2\/pages\/16\/revisions"}],"predecessor-version":[{"id":2054,"href":"https:\/\/groupagrotrade.hu\/index.php\/wp-json\/wp\/v2\/pages\/16\/revisions\/2054"}],"wp:attachment":[{"href":"https:\/\/groupagrotrade.hu\/index.php\/wp-json\/wp\/v2\/media?parent=16"}],"curies":[{"name":"wp","href":"https:\/\/api.w.org\/{rel}","templated":true}]}}